{"id":555,"date":"2016-06-22T13:14:40","date_gmt":"2016-06-22T13:14:40","guid":{"rendered":"http:\/\/www.taste-bordeauxtour.fr\/wine-tours\/"},"modified":"2018-01-08T23:19:40","modified_gmt":"2018-01-08T22:19:40","slug":"wine-tours","status":"publish","type":"page","link":"https:\/\/www.taste-bordeauxtour.fr\/en\/wine-tours\/","title":{"rendered":"Wine tours"},"content":{"rendered":"<p>[vc_row css_animation=&#8221;&#8221; row_type=&#8221;row&#8221; use_row_as_full_screen_section=&#8221;no&#8221; type=&#8221;full_width&#8221; angled_section=&#8221;no&#8221; text_align=&#8221;left&#8221; background_image_as_pattern=&#8221;without_pattern&#8221;][vc_column][vc_single_image image=&#8221;462&#8243; img_size=&#8221;full&#8221; alignment=&#8221;center&#8221; qode_css_animation=&#8221;&#8221; css=&#8221;.vc_custom_1514935633437{padding-top: 120px !important;padding-bottom: 80px !important;}&#8221;][\/vc_column][\/vc_row][vc_row css_animation=&#8221;&#8221; row_type=&#8221;row&#8221; use_row_as_full_screen_section=&#8221;no&#8221; type=&#8221;grid&#8221; angled_section=&#8221;no&#8221; text_align=&#8221;center&#8221; background_image_as_pattern=&#8221;without_pattern&#8221; css=&#8221;.vc_custom_1466605519118{padding-bottom: 142px !important;}&#8221;][vc_column offset=&#8221;vc_col-lg-offset-3 vc_col-lg-6 vc_col-md-offset-2 vc_col-md-8&#8243;][vc_column_text]<\/p>\n<h3>Wine tours<\/h3>\n<p>[\/vc_column_text][vc_empty_space height=&#8221;12px&#8221;][vc_column_text]Welcome to the largest and oldest wine-growing region in the world. 2,000 years of history, 130,000 hectares and 57 \u2018appellations\u2019 like Saint-\u00c9millon, Pauillac, M\u00e9doc, Pomerol\u2026 names known throughout the world: Lafitte Rothschild, Cheval Blanc, Yquem, Haut Brion, Margaux \u2026 This exceptionally rich landscape offers wines for all tastes. Thanks to my knowledge of this world and the leading figures in wine-making, Taste offers you your very own personalised itinerary.<\/p>\n<p>Visits, private tastings, lunches and dinners in the most prestigious castles of Bordeaux are right at your fingertips.[\/vc_column_text][vc_row_inner row_type=&#8221;row&#8221; type=&#8221;full_width&#8221; text_align=&#8221;left&#8221; css_animation=&#8221;&#8221;][vc_column_inner][vc_column_text]<\/p>\n<h4>Beaut\u00e9, renomm\u00e9e, qualit\u00e9&#8230; Tous les ch\u00e2teaux \u00e0 votre port\u00e9e !<\/h4>\n<p>[\/vc_column_text][\/vc_column_inner][\/vc_row_inner][\/vc_column][\/vc_row][vc_row css_animation=&#8221;&#8221; row_type=&#8221;row&#8221; use_row_as_full_screen_section=&#8221;no&#8221; type=&#8221;full_width&#8221; angled_section=&#8221;no&#8221; text_align=&#8221;left&#8221; background_image_as_pattern=&#8221;without_pattern&#8221;][vc_column][vc_column_text]<div id=\"sb_instagram\" class=\"sbi sbi_col_1 sbi_width_resp\" style=\"width:100%; \" data-id=\"6570179809\" data-num=\"25\" data-res=\"auto\" data-cols=\"6\" data-options='{&quot;showcaption&quot;: &quot;&quot;, &quot;captionlength&quot;: &quot;50&quot;, &quot;captioncolor&quot;: &quot;&quot;, &quot;captionsize&quot;: &quot;13&quot;, &quot;showlikes&quot;: &quot;&quot;, &quot;likescolor&quot;: &quot;&quot;, &quot;likessize&quot;: &quot;13&quot;, &quot;sortby&quot;: &quot;none&quot;, &quot;hashtag&quot;: &quot;&quot;, &quot;type&quot;: &quot;user&quot;, &quot;hovercolor&quot;: &quot;0,0,0&quot;, &quot;hovertextcolor&quot;: &quot;255,255,255&quot;, &quot;hoverdisplay&quot;: &quot;username,icon,date,instagram,&quot;, &quot;hovereffect&quot;: &quot;fade&quot;, &quot;headercolor&quot;: &quot;&quot;, &quot;headerprimarycolor&quot;: &quot;517fa4&quot;, &quot;headersecondarycolor&quot;: &quot;eeeeee&quot;, &quot;disablelightbox&quot;: &quot;false&quot;, &quot;captionlinks&quot;: &quot;false&quot;, &quot;disablecache&quot;: &quot;false&quot;, &quot;location&quot;: &quot;&quot;, &quot;coordinates&quot;: &quot;&quot;, &quot;single&quot;: &quot;&quot;, &quot;nummobile&quot;: &quot;10&quot;, &quot;colsmobile&quot;: &quot;2&quot;,  &quot;lightboxcomments&quot;: &quot;false&quot;,&quot;numcomments&quot;: &quot;20&quot;,&quot;maxrequests&quot;: &quot;5&quot;, &quot;headerstyle&quot;: &quot;circle&quot;, &quot;showfollowers&quot;: &quot;false&quot;, &quot;showbio&quot;: &quot;false&quot;, &quot;carousel&quot;: &quot;[true, false, false, true, 5000]&quot;, &quot;imagepadding&quot;: &quot;0&quot;, &quot;imagepaddingunit&quot;: &quot;px&quot;, &quot;media&quot;: &quot;photos&quot;, &quot;showusers&quot;: &quot;&quot;, &quot;includewords&quot;: &quot;&quot;, &quot;excludewords&quot;: &quot;&quot;, &quot;sbiCacheExists&quot;: &quot;false&quot;, &quot;sbiHeaderCache&quot;: &quot;false&quot;, &quot;sbiWhiteList&quot;: &quot;&quot;, &quot;sbiWhiteListIds&quot;: &quot;&quot;}' data-sbi-lb-comments=\"true\"><div id=\"sbi_images\" class=\"sbi_carousel\" style=\"padding: 0px;\"><div class=\"sbi_loader fa-spin\"><\/div><\/div><div id=\"sbi_load\"><\/div><\/div>[\/vc_column_text][\/vc_column][\/vc_row]<\/p>\n","protected":false},"excerpt":{"rendered":"<p>[vc_row css_animation=&#8221;&#8221; row_type=&#8221;row&#8221; use_row_as_full_screen_section=&#8221;no&#8221; type=&#8221;full_width&#8221; angled_section=&#8221;no&#8221; text_align=&#8221;left&#8221; background_image_as_pattern=&#8221;without_pattern&#8221;][vc_column][vc_single_image image=&#8221;462&#8243; img_size=&#8221;full&#8221; alignment=&#8221;center&#8221; qode_css_animation=&#8221;&#8221; css=&#8221;.vc_custom_1514935633437{padding-top: 120px !important;padding-bottom: 80px !important;}&#8221;][\/vc_column][\/vc_row][vc_row css_animation=&#8221;&#8221; row_type=&#8221;row&#8221; use_row_as_full_screen_section=&#8221;no&#8221; type=&#8221;grid&#8221; angled_section=&#8221;no&#8221; text_align=&#8221;center&#8221; background_image_as_pattern=&#8221;without_pattern&#8221; css=&#8221;.vc_custom_1466605519118{padding-bottom: 142px !important;}&#8221;][vc_column offset=&#8221;vc_col-lg-offset-3 vc_col-lg-6 vc_col-md-offset-2 vc_col-md-8&#8243;][vc_column_text] Wine tours [\/vc_column_text][vc_empty_space height=&#8221;12px&#8221;][vc_column_text]Welcome to the largest and oldest wine-growing region in the world. 2,000 years of history, 130,000 hectares and 57 \u2018appellations\u2019 like&#8230;<\/p>\n","protected":false},"author":1,"featured_media":0,"parent":0,"menu_order":0,"comment_status":"closed","ping_status":"closed","template":"full_width.php","meta":[],"yoast_head":"<!-- This site is optimized with the Yoast SEO plugin v16.4 - https:\/\/yoast.com\/wordpress\/plugins\/seo\/ -->\n<meta name=\"robots\" content=\"index, follow, max-snippet:-1, max-image-preview:large, max-video-preview:-1\" \/>\n<link rel=\"canonical\" href=\"https:\/\/www.taste-bordeauxtour.fr\/en\/wine-tours\/\" \/>\n<meta property=\"og:locale\" content=\"en_US\" \/>\n<meta property=\"og:type\" content=\"article\" \/>\n<meta property=\"og:title\" content=\"Wine tours - Taste Bordeaux Wine and Sea Tour\" \/>\n<meta property=\"og:description\" content=\"[vc_row css_animation=&#8221;&#8221; row_type=&#8221;row&#8221; use_row_as_full_screen_section=&#8221;no&#8221; type=&#8221;full_width&#8221; angled_section=&#8221;no&#8221; text_align=&#8221;left&#8221; background_image_as_pattern=&#8221;without_pattern&#8221;][vc_column][vc_single_image image=&#8221;462&#8243; img_size=&#8221;full&#8221; alignment=&#8221;center&#8221; qode_css_animation=&#8221;&#8221; css=&#8221;.vc_custom_1514935633437{padding-top: 120px !important;padding-bottom: 80px !important;}&#8221;][\/vc_column][\/vc_row][vc_row css_animation=&#8221;&#8221; row_type=&#8221;row&#8221; use_row_as_full_screen_section=&#8221;no&#8221; type=&#8221;grid&#8221; angled_section=&#8221;no&#8221; text_align=&#8221;center&#8221; background_image_as_pattern=&#8221;without_pattern&#8221; css=&#8221;.vc_custom_1466605519118{padding-bottom: 142px !important;}&#8221;][vc_column offset=&#8221;vc_col-lg-offset-3 vc_col-lg-6 vc_col-md-offset-2 vc_col-md-8&#8243;][vc_column_text] Wine tours [\/vc_column_text][vc_empty_space height=&#8221;12px&#8221;][vc_column_text]Welcome to the largest and oldest wine-growing region in the world. 2,000 years of history, 130,000 hectares and 57 \u2018appellations\u2019 like...\" \/>\n<meta property=\"og:url\" content=\"https:\/\/www.taste-bordeauxtour.fr\/en\/wine-tours\/\" \/>\n<meta property=\"og:site_name\" content=\"Taste Bordeaux Wine and Sea Tour\" \/>\n<meta property=\"article:publisher\" content=\"https:\/\/www.facebook.com\/tastebordeauxtour\/\" \/>\n<meta property=\"article:modified_time\" content=\"2018-01-08T22:19:40+00:00\" \/>\n<meta property=\"og:image\" content=\"https:\/\/www.taste-bordeauxtour.fr\/wp-content\/uploads\/2018\/01\/Taste_GB-1.gif\" \/>\n\t<meta property=\"og:image:width\" content=\"800\" \/>\n\t<meta property=\"og:image:height\" content=\"800\" \/>\n<meta name=\"twitter:card\" content=\"summary_large_image\" \/>\n<meta name=\"twitter:label1\" content=\"Est. reading time\" \/>\n\t<meta name=\"twitter:data1\" content=\"1 minute\" \/>\n<script type=\"application\/ld+json\" class=\"yoast-schema-graph\">{\"@context\":\"https:\/\/schema.org\",\"@graph\":[{\"@type\":\"WebSite\",\"@id\":\"https:\/\/www.taste-bordeauxtour.fr\/#website\",\"url\":\"https:\/\/www.taste-bordeauxtour.fr\/\",\"name\":\"Taste Bordeaux Wine and Sea Tour\",\"description\":\"Bordeaux, Wine tours, Bassin d&#039;Arcachon, S\\u00e9jour sur-mesure\",\"potentialAction\":[{\"@type\":\"SearchAction\",\"target\":\"https:\/\/www.taste-bordeauxtour.fr\/?s={search_term_string}\",\"query-input\":\"required name=search_term_string\"}],\"inLanguage\":\"en-US\"},{\"@type\":\"WebPage\",\"@id\":\"https:\/\/www.taste-bordeauxtour.fr\/en\/wine-tours\/#webpage\",\"url\":\"https:\/\/www.taste-bordeauxtour.fr\/en\/wine-tours\/\",\"name\":\"Wine tours - Taste Bordeaux Wine and Sea Tour\",\"isPartOf\":{\"@id\":\"https:\/\/www.taste-bordeauxtour.fr\/#website\"},\"datePublished\":\"2016-06-22T13:14:40+00:00\",\"dateModified\":\"2018-01-08T22:19:40+00:00\",\"breadcrumb\":{\"@id\":\"https:\/\/www.taste-bordeauxtour.fr\/en\/wine-tours\/#breadcrumb\"},\"inLanguage\":\"en-US\",\"potentialAction\":[{\"@type\":\"ReadAction\",\"target\":[\"https:\/\/www.taste-bordeauxtour.fr\/en\/wine-tours\/\"]}]},{\"@type\":\"BreadcrumbList\",\"@id\":\"https:\/\/www.taste-bordeauxtour.fr\/en\/wine-tours\/#breadcrumb\",\"itemListElement\":[{\"@type\":\"ListItem\",\"position\":1,\"item\":{\"@type\":\"WebPage\",\"@id\":\"https:\/\/www.taste-bordeauxtour.fr\/en\/\",\"url\":\"https:\/\/www.taste-bordeauxtour.fr\/en\/\",\"name\":\"Accueil\"}},{\"@type\":\"ListItem\",\"position\":2,\"item\":{\"@id\":\"https:\/\/www.taste-bordeauxtour.fr\/en\/wine-tours\/#webpage\"}}]}]}<\/script>\n<!-- \/ Yoast SEO plugin. -->","_links":{"self":[{"href":"https:\/\/www.taste-bordeauxtour.fr\/en\/wp-json\/wp\/v2\/pages\/555"}],"collection":[{"href":"https:\/\/www.taste-bordeauxtour.fr\/en\/wp-json\/wp\/v2\/pages"}],"about":[{"href":"https:\/\/www.taste-bordeauxtour.fr\/en\/wp-json\/wp\/v2\/types\/page"}],"author":[{"embeddable":true,"href":"https:\/\/www.taste-bordeauxtour.fr\/en\/wp-json\/wp\/v2\/users\/1"}],"replies":[{"embeddable":true,"href":"https:\/\/www.taste-bordeauxtour.fr\/en\/wp-json\/wp\/v2\/comments?post=555"}],"version-history":[{"count":1,"href":"https:\/\/www.taste-bordeauxtour.fr\/en\/wp-json\/wp\/v2\/pages\/555\/revisions"}],"predecessor-version":[{"id":556,"href":"https:\/\/www.taste-bordeauxtour.fr\/en\/wp-json\/wp\/v2\/pages\/555\/revisions\/556"}],"wp:attachment":[{"href":"https:\/\/www.taste-bordeauxtour.fr\/en\/wp-json\/wp\/v2\/media?parent=555"}],"curies":[{"name":"wp","href":"https:\/\/api.w.org\/{rel}","templated":true}]}}